{"id":1817,"date":"2012-06-20T13:36:47","date_gmt":"2012-06-20T11:36:47","guid":{"rendered":"http:\/\/www.tragovi.com\/blog\/?page_id=1817"},"modified":"2012-06-20T13:36:47","modified_gmt":"2012-06-20T11:36:47","slug":"vesna-pesic","status":"publish","type":"page","link":"https:\/\/www.tragovi.com\/poezija\/biografije-autora\/vesna-pesic\/","title":{"rendered":"Vesna Pe\u0161i\u0107"},"content":{"rendered":"<p>Rodjena 1961. u Beogradu. \u017divi u Ni\u0161u. Radi u Aleksincu i Ni\u0161u. Gimnazijalce upoznaje sa psihologijom, a elektrotehni\u010dare sa gra\u0111anskim vaspitanjem. Ve\u0107 23 godine u\u010di kako je biti majka jedne \u0107erke, a 17,5 godina i jednog sina. Nada se da to uspe\u0161no radi.<br \/>\nPoezijom se bavi otkad zna za sebe. Objavljivala je pesme u raznim \u010dasopisima i zbornicima poezije.<br \/>\nPi\u0161e poeziju za odrasle i decu, ovu drugu naro\u010dito otkad je sin u osnovnoj \u0161koli po\u010deo da se bavi recitovajem. On je odrastao i to ga vi\u0161e ne zanima, ali ja bi \u017eelela da njene pesme recituju neka druga deca.<br \/>\nKao student sam se bavila novinarstvom u tada\u0161njem ni\u0161kom \u010dasopisu &#8220;Zbivanja&#8221;, ure\u0111ivala je i podlistak tog \u010dasopisa, a radila i korekturu. Tri godine je radila pripremu i ure\u0111ivanje oko dvadeset knjiga u izdava\u010dkom preduze\u0107u &#8220;Sagitarijus&#8221; iz Ni\u0161a.<br \/>\nOsim poezije voli da pi\u0161e i putopise i nada se da \u0107e u \u017eivotu i za to imati dovoljno prilika.<\/p>\n","protected":false},"excerpt":{"rendered":"<p>Rodjena 1961. u Beogradu. \u017divi u Ni\u0161u. Radi u Aleksincu i Ni\u0161u. Gimnazijalce upoznaje sa psihologijom, a elektrotehni\u010dare sa gra\u0111anskim vaspitanjem. Ve\u0107 23 godine u\u010di kako je biti majka jedne \u0107erke, a 17,5 godina i jednog sina. Nada se da to uspe\u0161no radi. Poezijom se bavi otkad zna za sebe. Objavljivala je pesme u raznim &hellip; <a href=\"https:\/\/www.tragovi.com\/poezija\/biografije-autora\/vesna-pesic\/\" class=\"more-link\">Continue reading <span class=\"screen-reader-text\">Vesna Pe\u0161i\u0107<\/span><\/a><\/p>\n","protected":false},"author":3,"featured_media":0,"parent":8,"menu_order":0,"comment_status":"open","ping_status":"open","template":"","meta":[],"_links":{"self":[{"href":"https:\/\/www.tragovi.com\/poezija\/wp-json\/wp\/v2\/pages\/1817"}],"collection":[{"href":"https:\/\/www.tragovi.com\/poezija\/wp-json\/wp\/v2\/pages"}],"about":[{"href":"https:\/\/www.tragovi.com\/poezija\/wp-json\/wp\/v2\/types\/page"}],"author":[{"embeddable":true,"href":"https:\/\/www.tragovi.com\/poezija\/wp-json\/wp\/v2\/users\/3"}],"replies":[{"embeddable":true,"href":"https:\/\/www.tragovi.com\/poezija\/wp-json\/wp\/v2\/comments?post=1817"}],"version-history":[{"count":1,"href":"https:\/\/www.tragovi.com\/poezija\/wp-json\/wp\/v2\/pages\/1817\/revisions"}],"predecessor-version":[{"id":1818,"href":"https:\/\/www.tragovi.com\/poezija\/wp-json\/wp\/v2\/pages\/1817\/revisions\/1818"}],"up":[{"embeddable":true,"href":"https:\/\/www.tragovi.com\/poezija\/wp-json\/wp\/v2\/pages\/8"}],"wp:attachment":[{"href":"https:\/\/www.tragovi.com\/poezija\/wp-json\/wp\/v2\/media?parent=1817"}],"curies":[{"name":"wp","href":"https:\/\/api.w.org\/{rel}","templated":true}]}}