{"id":1736,"date":"2012-06-20T11:31:37","date_gmt":"2012-06-20T09:31:37","guid":{"rendered":"http:\/\/www.tragovi.com\/blog\/?page_id=1736"},"modified":"2012-06-20T11:31:37","modified_gmt":"2012-06-20T09:31:37","slug":"sasa-stanic","status":"publish","type":"page","link":"https:\/\/www.tragovi.com\/poezija\/biografije-autora\/sasa-stanic\/","title":{"rendered":"Sa\u0161a Stani\u0107"},"content":{"rendered":"<p>Ro\u0111en je 1973. godine u Ni\u0161u, gde i danas \u017eivi i radi. Po\u010detkom devedesetih uzeo je u\u010de\u0161\u0107e u knji\u017eevnim manifestacijama i studentskim glasilima, pod pseudonimom. Ve\u010diti je student knji\u017eevnosti.<\/p>\n","protected":false},"excerpt":{"rendered":"<p>Ro\u0111en je 1973. godine u Ni\u0161u, gde i danas \u017eivi i radi. Po\u010detkom devedesetih uzeo je u\u010de\u0161\u0107e u knji\u017eevnim manifestacijama i studentskim glasilima, pod pseudonimom. Ve\u010diti je student knji\u017eevnosti.<\/p>\n","protected":false},"author":3,"featured_media":0,"parent":8,"menu_order":0,"comment_status":"open","ping_status":"open","template":"","meta":[],"_links":{"self":[{"href":"https:\/\/www.tragovi.com\/poezija\/wp-json\/wp\/v2\/pages\/1736"}],"collection":[{"href":"https:\/\/www.tragovi.com\/poezija\/wp-json\/wp\/v2\/pages"}],"about":[{"href":"https:\/\/www.tragovi.com\/poezija\/wp-json\/wp\/v2\/types\/page"}],"author":[{"embeddable":true,"href":"https:\/\/www.tragovi.com\/poezija\/wp-json\/wp\/v2\/users\/3"}],"replies":[{"embeddable":true,"href":"https:\/\/www.tragovi.com\/poezija\/wp-json\/wp\/v2\/comments?post=1736"}],"version-history":[{"count":1,"href":"https:\/\/www.tragovi.com\/poezija\/wp-json\/wp\/v2\/pages\/1736\/revisions"}],"predecessor-version":[{"id":1737,"href":"https:\/\/www.tragovi.com\/poezija\/wp-json\/wp\/v2\/pages\/1736\/revisions\/1737"}],"up":[{"embeddable":true,"href":"https:\/\/www.tragovi.com\/poezija\/wp-json\/wp\/v2\/pages\/8"}],"wp:attachment":[{"href":"https:\/\/www.tragovi.com\/poezija\/wp-json\/wp\/v2\/media?parent=1736"}],"curies":[{"name":"wp","href":"https:\/\/api.w.org\/{rel}","templated":true}]}}