{"id":1597,"date":"2012-06-18T12:06:59","date_gmt":"2012-06-18T10:06:59","guid":{"rendered":"http:\/\/www.tragovi.com\/blog\/?page_id=1597"},"modified":"2012-06-18T12:06:59","modified_gmt":"2012-06-18T10:06:59","slug":"branislav-bane-dimitrijevic","status":"publish","type":"page","link":"https:\/\/www.tragovi.com\/poezija\/biografije-autora\/branislav-bane-dimitrijevic\/","title":{"rendered":"Branislav Bane Dimitrijevi\u0107"},"content":{"rendered":"<p>Ro\u0111en 1961.g. u Boru, gde i dalje \u017eivi i radi. Sva\u0161ta.<br \/>\nU svetu umetnosti pojavio se najpre kao muzi\u010dar i kantautor, a kada se osetio prestarelim za scenu, i kao pesnik, pripoveda\u010d i publicista. Objavio knjige <em>Ki\u0161obran i \u0161ibica (balade iz kom\u0161<\/em><em>iluka), Ispovest velikog gitariste, Razglednica Bora<\/em> (sa grupom autora<em>), Pravi dan za u ribe<\/em> i <em>Narodske pesme<\/em>.<br \/>\nUrednik za kulturu i stalni kolumnista nedeljnika <em>Borski Problem <\/em>od osnivanja. Pi\u0161e eseje o knji\u017eevnosti u \u010dasopisu<em> Bele\u017enica<\/em>. Zastupljen svuda gde su ga hteli. Gde nisu, sam se utrpavao.<\/p>\n","protected":false},"excerpt":{"rendered":"<p>Ro\u0111en 1961.g. u Boru, gde i dalje \u017eivi i radi. Sva\u0161ta. U svetu umetnosti pojavio se najpre kao muzi\u010dar i kantautor, a kada se osetio prestarelim za scenu, i kao pesnik, pripoveda\u010d i publicista. Objavio knjige Ki\u0161obran i \u0161ibica (balade iz kom\u0161iluka), Ispovest velikog gitariste, Razglednica Bora (sa grupom autora), Pravi dan za u ribe &hellip; <a href=\"https:\/\/www.tragovi.com\/poezija\/biografije-autora\/branislav-bane-dimitrijevic\/\" class=\"more-link\">Continue reading <span class=\"screen-reader-text\">Branislav Bane Dimitrijevi\u0107<\/span><\/a><\/p>\n","protected":false},"author":3,"featured_media":0,"parent":8,"menu_order":0,"comment_status":"open","ping_status":"open","template":"","meta":[],"_links":{"self":[{"href":"https:\/\/www.tragovi.com\/poezija\/wp-json\/wp\/v2\/pages\/1597"}],"collection":[{"href":"https:\/\/www.tragovi.com\/poezija\/wp-json\/wp\/v2\/pages"}],"about":[{"href":"https:\/\/www.tragovi.com\/poezija\/wp-json\/wp\/v2\/types\/page"}],"author":[{"embeddable":true,"href":"https:\/\/www.tragovi.com\/poezija\/wp-json\/wp\/v2\/users\/3"}],"replies":[{"embeddable":true,"href":"https:\/\/www.tragovi.com\/poezija\/wp-json\/wp\/v2\/comments?post=1597"}],"version-history":[{"count":1,"href":"https:\/\/www.tragovi.com\/poezija\/wp-json\/wp\/v2\/pages\/1597\/revisions"}],"predecessor-version":[{"id":1598,"href":"https:\/\/www.tragovi.com\/poezija\/wp-json\/wp\/v2\/pages\/1597\/revisions\/1598"}],"up":[{"embeddable":true,"href":"https:\/\/www.tragovi.com\/poezija\/wp-json\/wp\/v2\/pages\/8"}],"wp:attachment":[{"href":"https:\/\/www.tragovi.com\/poezija\/wp-json\/wp\/v2\/media?parent=1597"}],"curies":[{"name":"wp","href":"https:\/\/api.w.org\/{rel}","templated":true}]}}